{"id":3808,"date":"2023-10-11T09:18:48","date_gmt":"2023-10-11T09:18:48","guid":{"rendered":"https:\/\/themepanthers.com\/wp\/vankine\/v1\/?page_id=14"},"modified":"2023-10-12T22:07:04","modified_gmt":"2023-10-12T22:07:04","slug":"ozone-treatment","status":"publish","type":"page","link":"https:\/\/drramantanmouemin.com\/en\/ozone-treatment\/","title":{"rendered":"Ozone Treatment"},"content":{"rendered":"\t\t<div data-elementor-type=\"wp-page\" data-elementor-id=\"3808\" class=\"elementor elementor-3808\" data-elementor-post-type=\"page\">\n\t\t\t\t\t\t\t\t\t<section class=\"elementor-section elementor-top-section elementor-element elementor-element-db0fe4c elementor-section-content-bottom elementor-section-stretched elementor-section-boxed elementor-section-height-default elementor-section-height-default\" data-id=\"db0fe4c\" data-element_type=\"section\" data-settings=\"{&quot;stretch_section&quot;:&quot;section-stretched&quot;}\">\n\t\t\t\t\t\t<div class=\"elementor-container elementor-column-gap-default\">\n\t\t\t\t\t<div class=\"elementor-column elementor-col-50 elementor-top-column elementor-element elementor-element-7e2c1f4\" data-id=\"7e2c1f4\" data-element_type=\"column\">\n\t\t\t<div class=\"elementor-widget-wrap elementor-element-populated\">\n\t\t\t\t\t\t\t\t<div class=\"elementor-element elementor-element-e3f94c8 elementor-widget elementor-widget-vankine-title-v1\" data-id=\"e3f94c8\" data-element_type=\"widget\" data-widget_type=\"vankine-title-v1.default\">\n\t\t\t\t<div class=\"elementor-widget-container\">\n\t\t\t                    <div class=\"section_title type_one\">\r\n                                        <div class=\"title_whole\">\r\n                                            <h2 class=\"title\"> What is Ozone Therapy?  <\/h2>\r\n                                    <\/div>\r\n                                <\/div>\r\n            \r\n\r\n    \t\t<\/div>\n\t\t\t\t<\/div>\n\t\t\t\t\t<\/div>\n\t\t<\/div>\n\t\t\t\t<div class=\"elementor-column elementor-col-50 elementor-top-column elementor-element elementor-element-36ed7d5\" data-id=\"36ed7d5\" data-element_type=\"column\">\n\t\t\t<div class=\"elementor-widget-wrap elementor-element-populated\">\n\t\t\t\t\t\t\t\t<div class=\"elementor-element elementor-element-b34250a elementor-widget elementor-widget-vankine-text-editor-v1\" data-id=\"b34250a\" data-element_type=\"widget\" data-widget_type=\"vankine-text-editor-v1.default\">\n\t\t\t\t<div class=\"elementor-widget-container\">\n\t\t\t   <div class=\"position-relative position_p_relative\">\r\n        <p>Ozon tedavisi, alternatif t\u0131p alan\u0131nda kullan\u0131lan bir tedavi y\u00f6ntemidir. Ozon gaz\u0131n\u0131n t\u0131bbi y\u00f6ntemlerle kullan\u0131lmas\u0131yla ger\u00e7ekle\u015fen bu tedavi, bir\u00e7ok farkl\u0131 sa\u011fl\u0131k sorununun \u00e7\u00f6z\u00fclmesine yard\u0131mc\u0131 olabilir. Ozon tedavisinin temel amac\u0131, ek oksijen elde etmek ve ba\u011flant\u0131n\u0131z\u0131 desteklemektir.<\/p>    <\/div>\r\n\t\t<\/div>\n\t\t\t\t<\/div>\n\t\t\t\t\t<\/div>\n\t\t<\/div>\n\t\t\t\t\t\t\t<\/div>\n\t\t<\/section>\n\t\t<div class=\"elementor-element elementor-element-358d005 e-flex e-con-boxed e-con e-parent\" data-id=\"358d005\" data-element_type=\"container\" data-settings=\"{&quot;content_width&quot;:&quot;boxed&quot;}\" data-core-v316-plus=\"true\">\n\t\t\t\t\t<div class=\"e-con-inner\">\n\t\t\t\t<div class=\"elementor-element elementor-element-200f1ba elementor-widget elementor-widget-heading\" data-id=\"200f1ba\" data-element_type=\"widget\" data-widget_type=\"heading.default\">\n\t\t\t\t<div class=\"elementor-widget-container\">\n\t\t\t<style>\/*! elementor - v3.16.0 - 09-10-2023 *\/\n.elementor-heading-title{padding:0;margin:0;line-height:1}.elementor-widget-heading .elementor-heading-title[class*=elementor-size-]>a{color:inherit;font-size:inherit;line-height:inherit}.elementor-widget-heading .elementor-heading-title.elementor-size-small{font-size:15px}.elementor-widget-heading .elementor-heading-title.elementor-size-medium{font-size:19px}.elementor-widget-heading .elementor-heading-title.elementor-size-large{font-size:29px}.elementor-widget-heading .elementor-heading-title.elementor-size-xl{font-size:39px}.elementor-widget-heading .elementor-heading-title.elementor-size-xxl{font-size:59px}<\/style><h2 class=\"elementor-heading-title elementor-size-default\">What is Ozone?<\/h2>\t\t<\/div>\n\t\t\t\t<\/div>\n\t\t\t\t\t<\/div>\n\t\t\t\t<\/div>\n\t\t\t\t<section class=\"elementor-section elementor-top-section elementor-element elementor-element-af86b42 elementor-section-content-bottom elementor-section-stretched elementor-section-boxed elementor-section-height-default elementor-section-height-default\" data-id=\"af86b42\" data-element_type=\"section\" data-settings=\"{&quot;stretch_section&quot;:&quot;section-stretched&quot;}\">\n\t\t\t\t\t\t<div class=\"elementor-container elementor-column-gap-default\">\n\t\t\t\t\t<div class=\"elementor-column elementor-col-100 elementor-top-column elementor-element elementor-element-c3013ec\" data-id=\"c3013ec\" data-element_type=\"column\">\n\t\t\t<div class=\"elementor-widget-wrap elementor-element-populated\">\n\t\t\t\t\t\t\t\t<div class=\"elementor-element elementor-element-eea8074 elementor-widget elementor-widget-text-editor\" data-id=\"eea8074\" data-element_type=\"widget\" data-widget_type=\"text-editor.default\">\n\t\t\t\t<div class=\"elementor-widget-container\">\n\t\t\t<style>\/*! elementor - v3.16.0 - 09-10-2023 *\/\n.elementor-widget-text-editor.elementor-drop-cap-view-stacked .elementor-drop-cap{background-color:#69727d;color:#fff}.elementor-widget-text-editor.elementor-drop-cap-view-framed .elementor-drop-cap{color:#69727d;border:3px solid;background-color:transparent}.elementor-widget-text-editor:not(.elementor-drop-cap-view-default) .elementor-drop-cap{margin-top:8px}.elementor-widget-text-editor:not(.elementor-drop-cap-view-default) .elementor-drop-cap-letter{width:1em;height:1em}.elementor-widget-text-editor .elementor-drop-cap{float:left;text-align:center;line-height:1;font-size:50px}.elementor-widget-text-editor .elementor-drop-cap-letter{display:inline-block}<\/style>\t\t\t\t<p>Ozone is a molecule consisting of three oxygen atoms (O3). In nature, ozone gas is found in the high regions of our atmosphere and protects the sun&#8217;s rays from harmful ultraviolet (UV) rays. Ozone used with medical products is produced through ozone generators and the treatment is given regionally.<\/p>\t\t\t\t\t\t<\/div>\n\t\t\t\t<\/div>\n\t\t\t\t<div class=\"elementor-element elementor-element-499c7e7 elementor-widget elementor-widget-vankine-service-v1\" data-id=\"499c7e7\" data-element_type=\"widget\" data-widget_type=\"vankine-service-v1.default\">\n\t\t\t\t<div class=\"elementor-widget-container\">\n\t\t\t<section\r\n    class=\"service_post position-relative  ajax_service_enabled \">\r\n    <div class=\"row ajaxservicecontainer\">\r\n                    <\/div>\r\n    <!--End tab-content-->\r\n        <div class=\"row\">\r\n        <div class=\"col-lg-12\">\r\n            <div class=\"pagination-area pagination\">\r\n\r\n                            <\/div>\r\n        <\/div>\r\n    <\/div>\r\n    <\/section>\r\n\r\n\t\t<\/div>\n\t\t\t\t<\/div>\n\t\t\t\t\t<\/div>\n\t\t<\/div>\n\t\t\t\t\t\t\t<\/div>\n\t\t<\/section>\n\t\t<div class=\"elementor-element elementor-element-7f72263 e-flex e-con-boxed e-con e-parent\" data-id=\"7f72263\" data-element_type=\"container\" data-settings=\"{&quot;content_width&quot;:&quot;boxed&quot;}\" data-core-v316-plus=\"true\">\n\t\t\t\t\t<div class=\"e-con-inner\">\n\t\t\t\t<div class=\"elementor-element elementor-element-83b99de elementor-widget elementor-widget-text-editor\" data-id=\"83b99de\" data-element_type=\"widget\" data-widget_type=\"text-editor.default\">\n\t\t\t\t<div class=\"elementor-widget-container\">\n\t\t\t\t\t\t\t<h2>How is Ozone Therapy Applied?<\/h2><p>Ozone distribution can be applied by different methods. The most common ones among these funds:<\/p><p><strong>1. Autoclave Method<\/strong><\/p><p>Ozone is produced in an autoclave, a specialised equipment, without contact with the patient. Then ozonated oil or water is obtained for use by the patient.<\/p><p><strong>2. Rectal Ozone Therapy<\/strong><\/p><p>In this method, ozone is given through the rectum. Rectal ozone therapy can be used to treat problems such as exit problems.<\/p><p><strong>3. Ozone Injections<\/strong><\/p><p>Ozone gas is structurally applied in certain units. This method can be preferred for conditions such as pain, skin problems and wound healing.<\/p><p><strong>What Does Ozone Therapy Do?<\/strong><\/p><p>Ozone therapy can help relieve various health problems. Below you can find some of your uses:<\/p><p><strong>1. Strengthen the immune system<\/strong><\/p><p>Ozone therapy can be made more resistant to the entire body by strengthening the protection system.<\/p><p><strong>2. Reduce Inflammation<\/strong><\/p><p>Ozone can increase inflammation and relieve pain.<\/p><p><strong>3. Oxygen Therapy<\/strong><\/p><p>Ozone therapy can promote healing by carrying more oxygen to the tissues.<\/p><p><strong>4. Managing Chronic Diseases<\/strong><\/p><p>Ozone therapy is available to alleviate some chronic conditions.<\/p>\t\t\t\t\t\t<\/div>\n\t\t\t\t<\/div>\n\t\t\t\t\t<\/div>\n\t\t\t\t<\/div>\n\t\t<div class=\"elementor-element elementor-element-31f3846 e-flex e-con-boxed e-con e-parent\" data-id=\"31f3846\" data-element_type=\"container\" data-settings=\"{&quot;content_width&quot;:&quot;boxed&quot;}\" data-core-v316-plus=\"true\">\n\t\t\t\t\t<div class=\"e-con-inner\">\n\t\t\t\t<div class=\"elementor-element elementor-element-4a7c34d elementor-widget elementor-widget-spacer\" data-id=\"4a7c34d\" data-element_type=\"widget\" data-widget_type=\"spacer.default\">\n\t\t\t\t<div class=\"elementor-widget-container\">\n\t\t\t<style>\/*! elementor - v3.16.0 - 09-10-2023 *\/\n.elementor-column .elementor-spacer-inner{height:var(--spacer-size)}.e-con{--container-widget-width:100%}.e-con-inner>.elementor-widget-spacer,.e-con>.elementor-widget-spacer{width:var(--container-widget-width,var(--spacer-size));--align-self:var(--container-widget-align-self,initial);--flex-shrink:0}.e-con-inner>.elementor-widget-spacer>.elementor-widget-container,.e-con>.elementor-widget-spacer>.elementor-widget-container{height:100%;width:100%}.e-con-inner>.elementor-widget-spacer>.elementor-widget-container>.elementor-spacer,.e-con>.elementor-widget-spacer>.elementor-widget-container>.elementor-spacer{height:100%}.e-con-inner>.elementor-widget-spacer>.elementor-widget-container>.elementor-spacer>.elementor-spacer-inner,.e-con>.elementor-widget-spacer>.elementor-widget-container>.elementor-spacer>.elementor-spacer-inner{height:var(--container-widget-height,var(--spacer-size))}.e-con-inner>.elementor-widget-spacer.elementor-widget-empty,.e-con>.elementor-widget-spacer.elementor-widget-empty{position:relative;min-height:22px;min-width:22px}.e-con-inner>.elementor-widget-spacer.elementor-widget-empty .elementor-widget-empty-icon,.e-con>.elementor-widget-spacer.elementor-widget-empty .elementor-widget-empty-icon{position:absolute;top:0;bottom:0;left:0;right:0;margin:auto;padding:0;width:22px;height:22px}<\/style>\t\t<div class=\"elementor-spacer\">\n\t\t\t<div class=\"elementor-spacer-inner\"><\/div>\n\t\t<\/div>\n\t\t\t\t<\/div>\n\t\t\t\t<\/div>\n\t\t\t\t\t<\/div>\n\t\t\t\t<\/div>\n\t\t\t\t\t\t\t<\/div>\n\t\t","protected":false},"excerpt":{"rendered":"<p>What is Ozone Therapy? Ozon tedavisi, alternatif t\u0131p alan\u0131nda kullan\u0131lan bir tedavi y\u00f6ntemidir. Ozon gaz\u0131n\u0131n t\u0131bbi y\u00f6ntemlerle kullan\u0131lmas\u0131yla ger\u00e7ekle\u015fen bu tedavi, bir\u00e7ok farkl\u0131 sa\u011fl\u0131k sorununun \u00e7\u00f6z\u00fclmesine yard\u0131mc\u0131 olabilir. Ozon tedavisinin temel amac\u0131, ek oksijen elde etmek ve ba\u011flant\u0131n\u0131z\u0131 desteklemektir. What is Ozone? Ozone is a molecule consisting of three oxygen atoms (O3). In nature, ozone [&hellip;]<\/p>\n","protected":false},"author":1,"featured_media":0,"parent":0,"menu_order":0,"comment_status":"closed","ping_status":"closed","template":"template-fullwidth.php","meta":{"footnotes":""},"class_list":["post-3808","page","type-page","status-publish","hentry"],"_links":{"self":[{"href":"https:\/\/drramantanmouemin.com\/en\/wp-json\/wp\/v2\/pages\/3808","targetHints":{"allow":["GET"]}}],"collection":[{"href":"https:\/\/drramantanmouemin.com\/en\/wp-json\/wp\/v2\/pages"}],"about":[{"href":"https:\/\/drramantanmouemin.com\/en\/wp-json\/wp\/v2\/types\/page"}],"author":[{"embeddable":true,"href":"https:\/\/drramantanmouemin.com\/en\/wp-json\/wp\/v2\/users\/1"}],"replies":[{"embeddable":true,"href":"https:\/\/drramantanmouemin.com\/en\/wp-json\/wp\/v2\/comments?post=3808"}],"version-history":[{"count":16,"href":"https:\/\/drramantanmouemin.com\/en\/wp-json\/wp\/v2\/pages\/3808\/revisions"}],"predecessor-version":[{"id":4322,"href":"https:\/\/drramantanmouemin.com\/en\/wp-json\/wp\/v2\/pages\/3808\/revisions\/4322"}],"wp:attachment":[{"href":"https:\/\/drramantanmouemin.com\/en\/wp-json\/wp\/v2\/media?parent=3808"}],"curies":[{"name":"wp","href":"https:\/\/api.w.org\/{rel}","templated":true}]}}