{"id":68,"date":"2023-10-11T09:34:08","date_gmt":"2023-10-11T09:34:08","guid":{"rendered":"https:\/\/themepanthers.com\/wp\/vankine\/v1\/?page_id=68"},"modified":"2023-10-12T21:46:02","modified_gmt":"2023-10-12T21:46:02","slug":"contact","status":"publish","type":"page","link":"https:\/\/drramantanmouemin.com\/en\/contact\/","title":{"rendered":"Contact"},"content":{"rendered":"\t\t<div data-elementor-type=\"wp-page\" data-elementor-id=\"68\" class=\"elementor elementor-68\" data-elementor-post-type=\"page\">\n\t\t\t\t\t\t\t\t\t<section class=\"elementor-section elementor-top-section elementor-element elementor-element-6036f71 elementor-section-boxed elementor-section-height-default elementor-section-height-default\" data-id=\"6036f71\" data-element_type=\"section\">\n\t\t\t\t\t\t<div class=\"elementor-container elementor-column-gap-extended\">\n\t\t\t\t\t<div class=\"elementor-column elementor-col-33 elementor-top-column elementor-element elementor-element-3299cd0\" data-id=\"3299cd0\" data-element_type=\"column\">\n\t\t\t<div class=\"elementor-widget-wrap elementor-element-populated\">\n\t\t\t\t\t\t\t\t<div class=\"elementor-element elementor-element-3b6240d elementor-widget elementor-widget-vankine-contact-box-v1\" data-id=\"3b6240d\" data-element_type=\"widget\" data-widget_type=\"vankine-contact-box-v1.default\">\n\t\t\t\t<div class=\"elementor-widget-container\">\n\t\t\t \r\n \r\n    <div class=\"contact_box_content\">\r\n                                                                                            <div class=\"icon trans\">\r\n                                <i aria-hidden=\"false\" class=\"fas fa-search-location\"><\/i>                            <\/div>\r\n                        \t\r\n                \t\r\n                                         \r\n            <div class=\"contact-infor\">\r\n                \r\n                <h6 class=\"title_no_a_24\">   Where we are<\/h6>\r\n                                        <span>Te\u015fvikiye Mah. Sezai Selek Sok. No:28\/30 \nMurat Apt. K:8 D:18 Nisantasi - Istanbul<\/span>\r\n                    <\/div>\r\n                                        <\/div>\r\n \r\n  \r\n  \r\n\r\n  \r\n \r\n\r\n\r\n    \t\t<\/div>\n\t\t\t\t<\/div>\n\t\t\t\t\t<\/div>\n\t\t<\/div>\n\t\t\t\t<div class=\"elementor-column elementor-col-33 elementor-top-column elementor-element elementor-element-566db77\" data-id=\"566db77\" data-element_type=\"column\">\n\t\t\t<div class=\"elementor-widget-wrap elementor-element-populated\">\n\t\t\t\t\t\t\t\t<div class=\"elementor-element elementor-element-d49dd66 elementor-widget elementor-widget-vankine-contact-box-v1\" data-id=\"d49dd66\" data-element_type=\"widget\" data-widget_type=\"vankine-contact-box-v1.default\">\n\t\t\t\t<div class=\"elementor-widget-container\">\n\t\t\t \r\n \r\n    <div class=\"contact_box_content\">\r\n                                                                                            <div class=\"icon trans\">\r\n                                <i aria-hidden=\"false\" class=\"fas fa-mail-bulk\"><\/i>                            <\/div>\r\n                        \t\r\n                \t\r\n                                                        <div class=\"contact-infor\">\r\n                   \r\n                <h6 class=\"title_no_a_24\">Email<\/h6>\r\n            \r\n                                            <a href=\"mailto:Drramadanclinic@outlook.com\n\n\">Drramadanclinic@outlook.com\n\n<\/a>\r\n                                        <a href=\"mailto:Randevu@drramatanmouemin.com\">Randevu@drramatanmouemin.com<\/a>\r\n                    <\/div>\r\n                        <\/div>\r\n \r\n  \r\n  \r\n\r\n  \r\n \r\n\r\n\r\n    \t\t<\/div>\n\t\t\t\t<\/div>\n\t\t\t\t\t<\/div>\n\t\t<\/div>\n\t\t\t\t<div class=\"elementor-column elementor-col-33 elementor-top-column elementor-element elementor-element-f573a1e\" data-id=\"f573a1e\" data-element_type=\"column\">\n\t\t\t<div class=\"elementor-widget-wrap elementor-element-populated\">\n\t\t\t\t\t\t\t\t<div class=\"elementor-element elementor-element-7a34cd0 elementor-widget elementor-widget-vankine-contact-box-v1\" data-id=\"7a34cd0\" data-element_type=\"widget\" data-widget_type=\"vankine-contact-box-v1.default\">\n\t\t\t\t<div class=\"elementor-widget-container\">\n\t\t\t \r\n \r\n    <div class=\"contact_box_content\">\r\n                                                                                            <div class=\"icon trans\">\r\n                                <i aria-hidden=\"false\" class=\"fas fa-blender-phone\"><\/i>                            <\/div>\r\n                        \t\r\n                \t\r\n                                                <div class=\"contact-infor\">\r\n                          \r\n                <h6 class=\"title_no_a_24\">Telephone<\/h6>\r\n                                        <a href=\"tel:+90 212 812 90 91\n\">+90 212 812 90 91\n<\/a>\r\n                                        <a href=\"tel:+90 533 798 32 19\">+90 533 798 32 19<\/a>\r\n                    <\/div>\r\n                                <\/div>\r\n \r\n  \r\n  \r\n\r\n  \r\n \r\n\r\n\r\n    \t\t<\/div>\n\t\t\t\t<\/div>\n\t\t\t\t\t<\/div>\n\t\t<\/div>\n\t\t\t\t\t\t\t<\/div>\n\t\t<\/section>\n\t\t\t\t<section class=\"elementor-section elementor-top-section elementor-element elementor-element-a8e90f9 elementor-section-boxed elementor-section-height-default elementor-section-height-default\" data-id=\"a8e90f9\" data-element_type=\"section\" data-settings=\"{&quot;background_background&quot;:&quot;gradient&quot;}\">\n\t\t\t\t\t\t<div class=\"elementor-container elementor-column-gap-default\">\n\t\t\t\t\t<div class=\"elementor-column elementor-col-50 elementor-top-column elementor-element elementor-element-c76861d\" data-id=\"c76861d\" data-element_type=\"column\">\n\t\t\t<div class=\"elementor-widget-wrap elementor-element-populated\">\n\t\t\t\t\t\t\t\t<div class=\"elementor-element elementor-element-4380665 elementor-widget elementor-widget-vankine-title-v1\" data-id=\"4380665\" data-element_type=\"widget\" data-widget_type=\"vankine-title-v1.default\">\n\t\t\t\t<div class=\"elementor-widget-container\">\n\t\t\t                    <div class=\"section_title type_one\">\r\n                            <h4 class=\"sm_title\"> Keep in Touch<\/h4>\r\n                                        <div class=\"title_whole\">\r\n                                            <h2 class=\"title\"> All Your Enquiries \nAsk your doctor  <\/h2>\r\n                                    <\/div>\r\n                                        <p> \"Stay tuned to Dr Ramadan for health and lifestyle tips!<\/p>\r\n                    <\/div>\r\n            \r\n\r\n    \t\t<\/div>\n\t\t\t\t<\/div>\n\t\t\t\t<div class=\"elementor-element elementor-element-06bfb90 elementor-widget elementor-widget-vankine-social-media-v1\" data-id=\"06bfb90\" data-element_type=\"widget\" data-widget_type=\"vankine-social-media-v1.default\">\n\t\t\t\t<div class=\"elementor-widget-container\">\n\t\t\t\r\n<div class=\"social-icons\">\r\n                       \r\n<ul>\r\n                    <li><a href=\"https:\/\/www.instagram.com\/dr.ramadan.moueminoglou\/\"  class=\"m_icon\"   > <i class=\"fab fa-instagram\"><\/i>\r\n              \r\n            <\/a><\/li>\r\n                <\/ul>\r\n<\/div>\r\n \r\n\t\r\n\t\t\t\t<\/div>\n\t\t\t\t<\/div>\n\t\t\t\t<div class=\"elementor-element elementor-element-c607330 elementor-widget elementor-widget-image\" data-id=\"c607330\" data-element_type=\"widget\" data-widget_type=\"image.default\">\n\t\t\t\t<div class=\"elementor-widget-container\">\n\t\t\t<style>\/*! elementor - v3.16.0 - 09-10-2023 *\/\n.elementor-widget-image{text-align:center}.elementor-widget-image a{display:inline-block}.elementor-widget-image a img[src$=\".svg\"]{width:48px}.elementor-widget-image img{vertical-align:middle;display:inline-block}<\/style>\t\t\t\t\t\t\t\t\t\t\t\t<img loading=\"lazy\" decoding=\"async\" width=\"680\" height=\"381\" src=\"https:\/\/drramantanmouemin.com\/en\/wp-content\/uploads\/2023\/10\/doktor-ramadan-mouemin-iletisim.webp\" class=\"attachment-large size-large wp-image-3921\" alt=\"Doktor Ramadan Mouemin \u0130leti\u015fim\" srcset=\"https:\/\/drramantanmouemin.com\/en\/wp-content\/uploads\/2023\/10\/doktor-ramadan-mouemin-iletisim.webp 680w, https:\/\/drramantanmouemin.com\/en\/wp-content\/uploads\/2023\/10\/doktor-ramadan-mouemin-iletisim-300x168.webp 300w, https:\/\/drramantanmouemin.com\/en\/wp-content\/uploads\/2023\/10\/doktor-ramadan-mouemin-iletisim-600x336.webp 600w\" sizes=\"auto, (max-width: 680px) 100vw, 680px\" \/>\t\t\t\t\t\t\t\t\t\t\t\t\t\t\t<\/div>\n\t\t\t\t<\/div>\n\t\t\t\t\t<\/div>\n\t\t<\/div>\n\t\t\t\t<div class=\"elementor-column elementor-col-50 elementor-top-column elementor-element elementor-element-e9caf95\" data-id=\"e9caf95\" data-element_type=\"column\">\n\t\t\t<div class=\"elementor-widget-wrap elementor-element-populated\">\n\t\t\t\t\t\t\t\t<div class=\"elementor-element elementor-element-75b0663 elementor-widget elementor-widget-shortcode\" data-id=\"75b0663\" data-element_type=\"widget\" data-settings=\"{&quot;_animation&quot;:&quot;none&quot;}\" data-widget_type=\"shortcode.default\">\n\t\t\t\t<div class=\"elementor-widget-container\">\n\t\t\t\t\t<div class=\"elementor-shortcode\"><div class=\"wpforms-container wpforms-container-full wpforms-render-modern\" id=\"wpforms-3912\"><form id=\"wpforms-form-3912\" class=\"wpforms-validate wpforms-form wpforms-ajax-form\" data-formid=\"3912\" method=\"post\" enctype=\"multipart\/form-data\" action=\"\/en\/wp-json\/wp\/v2\/pages\/68\" data-token=\"6e39b2c154d6e9becc24b6a8d61349b0\"><noscript class=\"wpforms-error-noscript\">Bu formu bitirebilmek i\u00e7in taray\u0131c\u0131n\u0131zda JavaScript&#039;i etkinle\u015ftirin.<\/noscript><div class=\"wpforms-hidden\" id=\"wpforms-error-noscript\">Bu formu bitirebilmek i\u00e7in taray\u0131c\u0131n\u0131zda JavaScript&#039;i etkinle\u015ftirin.<\/div><div class=\"wpforms-field-container\"><div id=\"wpforms-3912-field_16-container\" class=\"wpforms-field wpforms-field-layout\" data-field-id=\"16\"><label class=\"wpforms-field-label wpforms-label-hide\" for=\"wpforms-3912-field_16\" aria-hidden=\"false\">Yerle\u015fim<\/label><div class=\"wpforms-field-layout-columns wpforms-field-layout-preset-50-50\"><div class=\"wpforms-layout-column wpforms-layout-column-50\"><div id=\"wpforms-3912-field_17-container\" class=\"wpforms-field wpforms-field-name\" data-field-id=\"17\"><label class=\"wpforms-field-label\" for=\"wpforms-3912-field_17\">Name &amp; Surname <span class=\"wpforms-required-label\" aria-hidden=\"true\">*<\/span><\/label><input type=\"text\" id=\"wpforms-3912-field_17\" class=\"wpforms-field-medium wpforms-field-required\" name=\"wpforms[fields][17]\" aria-errormessage=\"wpforms-3912-field_17-error\" required><\/div><\/div><div class=\"wpforms-layout-column wpforms-layout-column-50\"><div id=\"wpforms-3912-field_19-container\" class=\"wpforms-field wpforms-field-text\" data-field-id=\"19\"><label class=\"wpforms-field-label\" for=\"wpforms-3912-field_19\">Subject <span class=\"wpforms-required-label\" aria-hidden=\"true\">*<\/span><\/label><input type=\"text\" id=\"wpforms-3912-field_19\" class=\"wpforms-field-medium wpforms-field-required\" name=\"wpforms[fields][19]\" aria-errormessage=\"wpforms-3912-field_19-error\" required><\/div><\/div><\/div><\/div><div id=\"wpforms-3912-field_5-container\" class=\"wpforms-field wpforms-field-layout\" data-field-id=\"5\"><label class=\"wpforms-field-label wpforms-label-hide\" for=\"wpforms-3912-field_5\" aria-hidden=\"false\">Yerle\u015fim<\/label><div class=\"wpforms-field-layout-columns wpforms-field-layout-preset-50-50\"><div class=\"wpforms-layout-column wpforms-layout-column-50\"><div id=\"wpforms-3912-field_6-container\" class=\"wpforms-field wpforms-field-email\" data-field-id=\"6\"><label class=\"wpforms-field-label\" for=\"wpforms-3912-field_6\">Email <span class=\"wpforms-required-label\" aria-hidden=\"true\">*<\/span><\/label><input type=\"email\" id=\"wpforms-3912-field_6\" class=\"wpforms-field-medium wpforms-field-required\" name=\"wpforms[fields][6]\" spellcheck=\"false\" aria-errormessage=\"wpforms-3912-field_6-error\" required><\/div><\/div><div class=\"wpforms-layout-column wpforms-layout-column-50\"><div id=\"wpforms-3912-field_8-container\" class=\"wpforms-field wpforms-field-phone\" data-field-id=\"8\"><label class=\"wpforms-field-label\" for=\"wpforms-3912-field_8\">Telephone <span class=\"wpforms-required-label\" aria-hidden=\"true\">*<\/span><\/label><input type=\"tel\" id=\"wpforms-3912-field_8\" class=\"wpforms-field-medium wpforms-field-required wpforms-smart-phone-field\" data-rule-smart-phone-field=\"true\" name=\"wpforms[fields][8]\" aria-errormessage=\"wpforms-3912-field_8-error\" required><\/div><\/div><\/div><\/div><div id=\"wpforms-3912-field_30-container\" class=\"wpforms-field wpforms-field-textarea\" data-field-id=\"30\"><label class=\"wpforms-field-label\" for=\"wpforms-3912-field_30\">Your message<\/label><textarea id=\"wpforms-3912-field_30\" class=\"wpforms-field-medium\" name=\"wpforms[fields][30]\" aria-errormessage=\"wpforms-3912-field_30-error\" ><\/textarea><\/div><\/div><!-- .wpforms-field-container --><div class=\"wpforms-submit-container\" ><input type=\"hidden\" name=\"wpforms[id]\" value=\"3912\"><input type=\"hidden\" name=\"wpforms[author]\" value=\"1\"><button type=\"submit\" name=\"wpforms[submit]\" id=\"wpforms-submit-3912\" class=\"wpforms-submit\" data-alt-text=\"Sending...\" data-submit-text=\"Send Your Message\" aria-live=\"assertive\" value=\"wpforms-submit\">Send Your Message<\/button><img loading=\"lazy\" decoding=\"async\" src=\"https:\/\/drramantanmouemin.com\/en\/wp-content\/plugins\/wpforms\/assets\/images\/submit-spin.svg\" class=\"wpforms-submit-spinner\" style=\"display: none;\" width=\"26\" height=\"26\" alt=\"Y\u00fckleniyor\"><\/div><\/form><\/div>  <!-- .wpforms-container --><\/div>\n\t\t\t\t<\/div>\n\t\t\t\t<\/div>\n\t\t\t\t\t<\/div>\n\t\t<\/div>\n\t\t\t\t\t\t\t<\/div>\n\t\t<\/section>\n\t\t\t\t<section class=\"elementor-section elementor-top-section elementor-element elementor-element-927a4fa elementor-section-full_width elementor-section-height-default elementor-section-height-default\" data-id=\"927a4fa\" data-element_type=\"section\">\n\t\t\t\t\t\t<div class=\"elementor-container elementor-column-gap-no\">\n\t\t\t\t\t<div class=\"elementor-column elementor-col-100 elementor-top-column elementor-element elementor-element-5de05cc\" data-id=\"5de05cc\" data-element_type=\"column\">\n\t\t\t<div class=\"elementor-widget-wrap elementor-element-populated\">\n\t\t\t\t\t\t\t\t<div class=\"elementor-element elementor-element-49ac0c5 elementor-widget elementor-widget-google_maps\" data-id=\"49ac0c5\" data-element_type=\"widget\" data-widget_type=\"google_maps.default\">\n\t\t\t\t<div class=\"elementor-widget-container\">\n\t\t\t<style>\/*! elementor - v3.16.0 - 09-10-2023 *\/\n.elementor-widget-google_maps .elementor-widget-container{overflow:hidden}.elementor-widget-google_maps .elementor-custom-embed{line-height:0}.elementor-widget-google_maps iframe{height:300px}<\/style>\t\t<div class=\"elementor-custom-embed\">\n\t\t\t<iframe loading=\"lazy\"\n\t\t\t\t\tsrc=\"https:\/\/maps.google.com\/maps?q=Doktor%20Ramadan%20Mouemin&#038;t=m&#038;z=11&#038;output=embed&#038;iwloc=near\"\n\t\t\t\t\ttitle=\"Doktor Ramadan Mouemin\"\n\t\t\t\t\taria-label=\"Doktor Ramadan Mouemin\"\n\t\t\t><\/iframe>\n\t\t<\/div>\n\t\t\t\t<\/div>\n\t\t\t\t<\/div>\n\t\t\t\t\t<\/div>\n\t\t<\/div>\n\t\t\t\t\t\t\t<\/div>\n\t\t<\/section>\n\t\t\t\t\t\t\t<\/div>\n\t\t","protected":false},"excerpt":{"rendered":"<p>Where we are Te\u015fvikiye Mah. Sezai Selek Sok. No:28\/30 Murat Apt. K:8 D:18 Nisantasi &#8211; Istanbul Email Drramadanclinic@outlook.com Randevu@drramatanmouemin.com Telephone +90 212 812 90 91 +90 533 798 32 19 Keep in Touch All Your Enquiries Ask your doctor &#8220;Stay tuned to Dr Ramadan for health and lifestyle tips!<\/p>\n","protected":false},"author":1,"featured_media":0,"parent":0,"menu_order":0,"comment_status":"closed","ping_status":"closed","template":"template-fullwidth.php","meta":{"footnotes":""},"class_list":["post-68","page","type-page","status-publish","hentry"],"_links":{"self":[{"href":"https:\/\/drramantanmouemin.com\/en\/wp-json\/wp\/v2\/pages\/68","targetHints":{"allow":["GET"]}}],"collection":[{"href":"https:\/\/drramantanmouemin.com\/en\/wp-json\/wp\/v2\/pages"}],"about":[{"href":"https:\/\/drramantanmouemin.com\/en\/wp-json\/wp\/v2\/types\/page"}],"author":[{"embeddable":true,"href":"https:\/\/drramantanmouemin.com\/en\/wp-json\/wp\/v2\/users\/1"}],"replies":[{"embeddable":true,"href":"https:\/\/drramantanmouemin.com\/en\/wp-json\/wp\/v2\/comments?post=68"}],"version-history":[{"count":25,"href":"https:\/\/drramantanmouemin.com\/en\/wp-json\/wp\/v2\/pages\/68\/revisions"}],"predecessor-version":[{"id":4309,"href":"https:\/\/drramantanmouemin.com\/en\/wp-json\/wp\/v2\/pages\/68\/revisions\/4309"}],"wp:attachment":[{"href":"https:\/\/drramantanmouemin.com\/en\/wp-json\/wp\/v2\/media?parent=68"}],"curies":[{"name":"wp","href":"https:\/\/api.w.org\/{rel}","templated":true}]}}